{"id":2,"date":"2021-03-14T17:44:42","date_gmt":"2021-03-14T17:44:42","guid":{"rendered":"https:\/\/baizara.org\/?page_id=2"},"modified":"2026-03-19T17:56:13","modified_gmt":"2026-03-19T17:56:13","slug":"sample-page","status":"publish","type":"page","link":"https:\/\/baizara.org\/","title":{"rendered":"\u00bfQui\u00e9nes somos?"},"content":{"rendered":"\n<figure class=\"wp-block-table\"><table class=\"has-fixed-layout\"><tbody><tr><td colspan=\"7\">La ambici\u00f3n de la entidad es: <br>Fomentar una sociedad inclusiva y respetuosa donde la diversidad cultural y el patrimonio inmaterial sean reconocidos, protegidos y valorados como derechos humanos fundamentales, promoviendo la cohesi\u00f3n social y el desarrollo sostenible.<\/td><\/tr><\/tbody><\/table><\/figure>\n\n\n\n<h4 class=\"wp-block-heading\">Objetivos de la asociaci\u00f3n:<\/h4>\n\n\n\n<ul class=\"wp-block-list\">\n<li>Promover el estudio y el desarrollo de actividades sobre diversidad cultural y patrimonio cultural, material e inmaterial.<\/li>\n\n\n\n<li>Impulsar el pensamiento creativo y la innovaci\u00f3n para contribuir a la cohesi\u00f3n social a trav\u00e9s del arte y la cultura.<\/li>\n\n\n\n<li>Promover estos valores en pol\u00edticas culturales y sociales as\u00ed como en proyectos de cooperaci\u00f3n internacional.<\/li>\n\n\n\n<li>Generar espacios, nuevos encuentros y din\u00e1micas independientes de participaci\u00f3n.<\/li>\n<\/ul>\n\n\n\n<hr class=\"wp-block-separator has-alpha-channel-opacity\"\/>\n\n\n\n<h4 class=\"wp-block-heading\">Ejes de Actuaci\u00f3n<\/h4>\n\n\n\n<div class=\"wp-block-columns is-layout-flex wp-container-core-columns-is-layout-9d6595d7 wp-block-columns-is-layout-flex\">\n<div class=\"wp-block-column is-layout-flow wp-block-column-is-layout-flow\">\n<p class=\"has-text-align-center\"><img loading=\"lazy\" decoding=\"async\" width=\"150\" height=\"136\" class=\"wp-image-387\" style=\"width: 150px;\" src=\"https:\/\/baizara.org\/wp-content\/uploads\/2024\/06\/diversity3.jpg\" alt=\"\" srcset=\"https:\/\/baizara.org\/wp-content\/uploads\/2024\/06\/diversity3.jpg 682w, https:\/\/baizara.org\/wp-content\/uploads\/2024\/06\/diversity3-300x272.jpg 300w\" sizes=\"auto, (max-width: 150px) 100vw, 150px\" \/><\/p>\n\n\n\n<p class=\"has-text-align-center\"><strong>Diversidad cultural<\/strong><\/p>\n<\/div>\n\n\n\n<div class=\"wp-block-column is-layout-flow wp-block-column-is-layout-flow\">\n<p class=\"has-text-align-center\"><img loading=\"lazy\" decoding=\"async\" width=\"140\" height=\"136\" class=\"wp-image-388\" style=\"width: 140px;\" src=\"https:\/\/baizara.org\/wp-content\/uploads\/2024\/06\/ddhh2.jpg\" alt=\"\" srcset=\"https:\/\/baizara.org\/wp-content\/uploads\/2024\/06\/ddhh2.jpg 433w, https:\/\/baizara.org\/wp-content\/uploads\/2024\/06\/ddhh2-300x292.jpg 300w\" sizes=\"auto, (max-width: 140px) 100vw, 140px\" \/><\/p>\n\n\n\n<p class=\"has-text-align-center\"><strong>Derechos Humanos <\/strong><\/p>\n\n\n\n<p class=\"has-text-align-center\"><strong>y Cohesi\u00f3n Social<\/strong><\/p>\n<\/div>\n\n\n\n<div class=\"wp-block-column is-layout-flow wp-block-column-is-layout-flow\">\n<p class=\"has-text-align-center\"><img loading=\"lazy\" decoding=\"async\" width=\"135\" height=\"136\" class=\"wp-image-386\" style=\"width: 135px;\" src=\"https:\/\/baizara.org\/wp-content\/uploads\/2024\/06\/heritage.jpg\" alt=\"\" srcset=\"https:\/\/baizara.org\/wp-content\/uploads\/2024\/06\/heritage.jpg 602w, https:\/\/baizara.org\/wp-content\/uploads\/2024\/06\/heritage-300x300.jpg 300w, https:\/\/baizara.org\/wp-content\/uploads\/2024\/06\/heritage-150x150.jpg 150w\" sizes=\"auto, (max-width: 135px) 100vw, 135px\" \/><\/p>\n\n\n\n<p class=\"has-text-align-center\"><strong>Patrimonio inmaterial<\/strong><\/p>\n<\/div>\n<\/div>\n\n\n\n<h4 class=\"wp-block-heading\">Estrategia<\/h4>\n\n\n\n<p>La estrategia de la <strong>Asociaci\u00f3n Cultural Baizara<\/strong> tiene una doble vertiente, local e internacional, con una metodolog\u00eda  bottom-up. <\/p>\n\n\n\n<p>Realizamos proyectos de impacto local, creados desde las personas y tomamos parte de plataformas y redes internacionales sobre cultura, creatividad, innovaci\u00f3n y diversidad que nos permita elevar a advocacy la realidad social y cultural.<\/p>\n\n\n\n<p>Entre ellas:<\/p>\n\n\n\n<ul class=\"wp-block-list\">\n<li><strong><a href=\"https:\/\/www.unesco.org\/creativity\/en\/2005-convention\" target=\"_blank\" rel=\"noreferrer noopener\">La&nbsp;Convenci\u00f3n&nbsp;de&nbsp;2005&nbsp;sobre la Protecci\u00f3n y la Promoci\u00f3n de la Diversidad de las Expresiones Culturales<\/a><\/strong> de <strong>UNESCO<\/strong>, como entidad acreditada ante la convenci\u00f3n y activa en las reuniones estaturias de la Convenci\u00f3n.<\/li>\n\n\n\n<li><strong><a href=\"https:\/\/civic-forum.eu\/\" target=\"_blank\" rel=\"noreferrer noopener\">European Civic Forum<\/a>.<\/strong> El Foro C\u00edvico Europeo (ECF) es una red paneuropea de m\u00e1s de 100 asociaciones y ONG en 29 pa\u00edses europeos. Fundada en 2005 trabaja para proteger el espacio c\u00edvico, permitir la participaci\u00f3n c\u00edvica y construir un di\u00e1logo civil para una mayor igualdad, solidaridad y democracia en Europa. <strong>Baizara<\/strong> es miembro de la citada red.<\/li>\n\n\n\n<li><a href=\"https:\/\/ich.unesco.org\/en\/what-is-intangible-heritage-00003\"><strong>La<\/strong> <strong>C<\/strong><\/a><strong><a href=\"https:\/\/ich.unesco.org\/en\/what-is-intangible-heritage-00003\">onvenci\u00f3n de 2003 para la salvaguardia del patrimonio cultural inmateri<\/a><a href=\"https:\/\/www.unesco.org\/sites\/default\/files\/medias\/fichiers\/2025\/08\/MondiaYouth_Concept%20Note.pdf\">al<\/a><\/strong>  de <strong>UNESCO<\/strong>, como entidad acreditada ante la convenci\u00f3n.<\/li>\n\n\n\n<li><strong><a href=\"http:\/\/www.cso2005.org\" target=\"_blank\" rel=\"noreferrer noopener\">Plataforma CSO 2005<\/a><\/strong>. Creada por entidades que trabajan a nivel de base en la diversidad cultural, empresas creativas y patrimonio inmaterial, naci\u00f3 en julio de 2023 como una red de colaboraci\u00f3n a trav\u00e9s de una red de redes regionales (Europa, Am\u00e9rica latina , \u00c1frica y Pa\u00edses \u00e1rabes). Re\u00fane a medio centenar de entidades de varias regiones del mundo con actividades de networking, cumplimentaci\u00f3n de proyectos y advocacy. <strong>Baizara<\/strong> realiza el trabajo de coordinaci\u00f3n de la Plataforma.<\/li>\n\n\n\n<li><a href=\"http:\/\/injuve.es\/gl\/programas-injuve\/ces\"><strong>Cuerpo de solidaridad europeo.<\/strong><\/a> El Cuerpo Europeo de Solidaridad (CES)&nbsp;&nbsp;es el programa de la Uni\u00f3n Europea que ofrece oportunidades para que los j\u00f3venes, de entre 18 y 30 a\u00f1os, lleven a cabo un servicio de voluntariado o participen en proyectos en el sector de la solidaridad, en su propio pa\u00eds, en otro pa\u00eds de la Uni\u00f3n Europea o fuera de ella.&nbsp;Nuestra entidad tiene sello de calidad como <strong>Organizaci\u00f3n de Env\u00edo<\/strong>  y  <strong>Organizaci\u00f3n de Acogida<\/strong> <\/li>\n<\/ul>\n\n\n\n<hr class=\"wp-block-separator has-alpha-channel-opacity\"\/>\n\n\n\n<p>Para la cumplimentaci\u00f3n de proyectos somos socios de proyectos europeos dentro de<strong>&nbsp;Erasmus +<\/strong>, <strong>CERV<\/strong>, <strong>CREA<\/strong>, etc.&nbsp;<\/p>\n\n\n\n<p><\/p>\n\n\n\n<p><a href=\"https:\/\/baizara.org\/wp-admin\/post.php?post=3&amp;action=edit\">Privacy Policy<\/a><\/p>\n","protected":false},"excerpt":{"rendered":"<p>La ambici\u00f3n de la entidad es: Fomentar una sociedad inclusiva y respetuosa donde la diversidad cultural y el patrimonio inmaterial sean reconocidos, protegidos y valorados<\/p>\n","protected":false},"author":1,"featured_media":0,"parent":0,"menu_order":0,"comment_status":"closed","ping_status":"closed","template":"","meta":{"ngg_post_thumbnail":0,"footnotes":""},"class_list":["post-2","page","type-page","status-publish","hentry"],"_links":{"self":[{"href":"https:\/\/baizara.org\/index.php\/wp-json\/wp\/v2\/pages\/2","targetHints":{"allow":["GET"]}}],"collection":[{"href":"https:\/\/baizara.org\/index.php\/wp-json\/wp\/v2\/pages"}],"about":[{"href":"https:\/\/baizara.org\/index.php\/wp-json\/wp\/v2\/types\/page"}],"author":[{"embeddable":true,"href":"https:\/\/baizara.org\/index.php\/wp-json\/wp\/v2\/users\/1"}],"replies":[{"embeddable":true,"href":"https:\/\/baizara.org\/index.php\/wp-json\/wp\/v2\/comments?post=2"}],"version-history":[{"count":28,"href":"https:\/\/baizara.org\/index.php\/wp-json\/wp\/v2\/pages\/2\/revisions"}],"predecessor-version":[{"id":762,"href":"https:\/\/baizara.org\/index.php\/wp-json\/wp\/v2\/pages\/2\/revisions\/762"}],"wp:attachment":[{"href":"https:\/\/baizara.org\/index.php\/wp-json\/wp\/v2\/media?parent=2"}],"curies":[{"name":"wp","href":"https:\/\/api.w.org\/{rel}","templated":true}]}}