{"id":219,"date":"2023-10-07T12:15:49","date_gmt":"2023-10-07T12:15:49","guid":{"rendered":"https:\/\/baizara.org\/?page_id=219"},"modified":"2026-01-24T08:36:27","modified_gmt":"2026-01-24T08:36:27","slug":"consultoria-europea","status":"publish","type":"page","link":"https:\/\/baizara.org\/index.php\/consultoria-europea\/","title":{"rendered":"Consultor\u00eda de proyectos"},"content":{"rendered":"\n<p>Muchas entidades, sobre todo las que nunca han participado, ven una barrera  ante ese salto a la internacionalizaci\u00f3n, por los caracter\u00edsticas de los distintos  programas, las prioridades internacionales diferentes a las locales, la especializaci\u00f3n t\u00e9cnica  necesaria y, en ocasiones, por barreras idiom\u00e1ticas.<\/p>\n\n\n\n<p>Baizara, con una plena participaci\u00f3n en redes internacionales y con expertos  en gesti\u00f3n de proyectos internacionales durante dos decadas, aporta su experiencia en la elaboraci\u00f3n de proyectos: convocatorias, partenariados, postulaci\u00f3n y seguimiento.<\/p>\n\n\n<div class=\"wp-block-image\">\n<figure class=\"aligncenter\"><img decoding=\"async\" src=\"https:\/\/oneco.org\/wp-content\/uploads\/2017\/01\/separed.jpg\" alt=\"\" class=\"wp-image-40\"\/><\/figure>\n<\/div>\n\n\n<h4 class=\"wp-block-heading\">Gesti\u00f3n de ayudas europeas<\/h4>\n\n\n\n<p>Estamos presentes en las redes internacionales activas en <strong> Europa<\/strong> y pa\u00edses <strong>MEDA<\/strong>. en las reuniones de programas,  info-days y disponemos  de una red de socios: Ponemos en conexi\u00f3n a entidades p\u00fablicas, privadas y sin \u00e1nimo de lucro en la puesta en marcha de iniciativas financiadas por la Uni\u00f3n Europea.<\/p>\n\n\n<div class=\"wp-block-image\">\n<figure class=\"aligncenter\"><img decoding=\"async\" src=\"https:\/\/oneco.org\/wp-content\/uploads\/2017\/01\/separed.jpg\" alt=\"\" class=\"wp-image-40\"\/><\/figure>\n<\/div>\n\n\n<p>Si tu entidad est\u00e1 interesada en internacionalizar dise\u00f1amos la estrategia y te acompa\u00f1amos en la puesta en marcha de la aventura internacional:<\/p>\n\n\n\n<div class=\"wp-block-group\"><div class=\"wp-block-group__inner-container is-layout-constrained wp-block-group-is-layout-constrained\">\n<ul class=\"wp-block-list\">\n<li><em><strong>Selecci\u00f3n de convocatoria<\/strong><\/em><\/li>\n<\/ul>\n\n\n\n<ul class=\"wp-block-list\">\n<li><strong><em>B\u00fasqueda de socios<\/em><\/strong><\/li>\n<\/ul>\n\n\n\n<ul class=\"wp-block-list\">\n<li><strong><em>Postulaci\u00f3n del proyecto<\/em><\/strong><\/li>\n<\/ul>\n\n\n\n<ul class=\"wp-block-list\">\n<li><strong><em>Visibilidad<\/em><\/strong><\/li>\n<\/ul>\n\n\n\n<ul class=\"wp-block-list\">\n<li><strong><em>Impacto y seguimiento <\/em><\/strong><\/li>\n<\/ul>\n<\/div><\/div>\n\n\n<div class=\"wp-block-image\">\n<figure class=\"aligncenter\"><img decoding=\"async\" src=\"https:\/\/oneco.org\/wp-content\/uploads\/2017\/01\/separed.jpg\" alt=\"\" class=\"wp-image-40\"\/><\/figure>\n<\/div>\n\n\n<h4 class=\"wp-block-heading\">Formaci\u00f3n en Proyectos Europeos<\/h4>\n\n\n\n<p>Realizamos Cursos, Seminarios y Talleres Pr\u00e1cticos sobre Financiaci\u00f3n Europea.<\/p>\n\n\n<div class=\"wp-block-image\">\n<figure class=\"aligncenter\"><img decoding=\"async\" src=\"https:\/\/oneco.org\/wp-content\/uploads\/2017\/01\/separed.jpg\" alt=\"\" class=\"wp-image-40\"\/><\/figure>\n<\/div>\n\n\n<p>Para m\u00e1s informaci\u00f3n ponte en contacto con nosotros: info@baizara,org<\/p>\n\n\n\n<p><\/p>\n\n\n\n<p><\/p>\n","protected":false},"excerpt":{"rendered":"<p>Muchas entidades, sobre todo las que nunca han participado, ven una barrera ante ese salto a la internacionalizaci\u00f3n, por los caracter\u00edsticas de los distintos programas,<\/p>\n","protected":false},"author":1,"featured_media":0,"parent":0,"menu_order":0,"comment_status":"closed","ping_status":"closed","template":"","meta":{"ngg_post_thumbnail":0,"footnotes":""},"class_list":["post-219","page","type-page","status-publish","hentry"],"_links":{"self":[{"href":"https:\/\/baizara.org\/index.php\/wp-json\/wp\/v2\/pages\/219","targetHints":{"allow":["GET"]}}],"collection":[{"href":"https:\/\/baizara.org\/index.php\/wp-json\/wp\/v2\/pages"}],"about":[{"href":"https:\/\/baizara.org\/index.php\/wp-json\/wp\/v2\/types\/page"}],"author":[{"embeddable":true,"href":"https:\/\/baizara.org\/index.php\/wp-json\/wp\/v2\/users\/1"}],"replies":[{"embeddable":true,"href":"https:\/\/baizara.org\/index.php\/wp-json\/wp\/v2\/comments?post=219"}],"version-history":[{"count":6,"href":"https:\/\/baizara.org\/index.php\/wp-json\/wp\/v2\/pages\/219\/revisions"}],"predecessor-version":[{"id":628,"href":"https:\/\/baizara.org\/index.php\/wp-json\/wp\/v2\/pages\/219\/revisions\/628"}],"wp:attachment":[{"href":"https:\/\/baizara.org\/index.php\/wp-json\/wp\/v2\/media?parent=219"}],"curies":[{"name":"wp","href":"https:\/\/api.w.org\/{rel}","templated":true}]}}