{"id":221,"date":"2023-10-07T12:19:20","date_gmt":"2023-10-07T12:19:20","guid":{"rendered":"https:\/\/baizara.org\/?page_id=221"},"modified":"2026-04-01T12:09:17","modified_gmt":"2026-04-01T12:09:17","slug":"areas","status":"publish","type":"page","link":"https:\/\/baizara.org\/index.php\/areas\/","title":{"rendered":"Proyectos"},"content":{"rendered":"\n<h2 class=\"wp-block-heading\">Proyectos locales<\/h2>\n\n\n\n<h5 class=\"wp-block-heading\"><strong><em>Diversidad y convivencia<\/em><\/strong><\/h5>\n\n\n\n<p>A trav\u00e9s de un programa de intervenci\u00f3n con j\u00f3venes de primera y siguieres generaciones de personas inmigrantes, realizamos un programa de intervenci\u00f3n sobre cultura, diversidad y procesos de trasmisi\u00f3n identitaria a trav\u00e9s de lo que llamamos <strong>traductores culturales<\/strong>.<\/p>\n\n\n\n<p>Dentro de este programa est\u00e1n diversas actividades m\u00e1s espec\u00edficas \u00ab<strong>Diversidad y cultura<\/strong>\u00bb  y \u00ab<strong>Diversidad y deporte<\/strong>\u00ab:<\/p>\n\n\n\n<ul class=\"wp-block-list\">\n<li><strong><em>Diversidad y Cultura:<\/em><\/strong><\/li>\n<\/ul>\n\n\n<div class=\"wp-block-image\">\n<figure class=\"alignleft size-full is-resized\"><img loading=\"lazy\" decoding=\"async\" width=\"795\" height=\"837\" src=\"https:\/\/baizara.org\/wp-content\/uploads\/2026\/01\/logodialogos.jpg\" alt=\"\" class=\"wp-image-579\" style=\"aspect-ratio:0.989962152377818;width:166px;height:auto\" srcset=\"https:\/\/baizara.org\/wp-content\/uploads\/2026\/01\/logodialogos.jpg 795w, https:\/\/baizara.org\/wp-content\/uploads\/2026\/01\/logodialogos-285x300.jpg 285w, https:\/\/baizara.org\/wp-content\/uploads\/2026\/01\/logodialogos-768x809.jpg 768w\" sizes=\"auto, (max-width: 795px) 100vw, 795px\" \/><\/figure>\n<\/div>\n\n\n<p><strong><em>Di\u00e1logos<\/em><\/strong><\/p>\n\n\n\n<p>Es un proyecto cultural de car\u00e1cter anual , siendo la primera edici\u00f3n el a\u00f1o 2022.<\/p>\n\n\n\n<p>Objetivo del programa: La promoci\u00f3n de los valores de la diversidad, luchar contra el racismo y establecer  entre comunidades e identidades diversas. El proyecto implementa una metodolog\u00eda bottom-up creando desde el perfil identitario particular de cada persona, obras culturales, ya sean esc\u00e9nicas, audiovisuales o literarias que entran en dialogo en el programa de actividades.<\/p>\n\n\n\n<p><a href=\"https:\/\/baizara.org\/wp-content\/uploads\/2026\/03\/flyer-dialogos-1.pdf\" target=\"_blank\" rel=\"noreferrer noopener\">Edici\u00f3n 2025<\/a><\/p>\n\n\n\n<figure class=\"wp-block-image size-full is-resized\"><img loading=\"lazy\" decoding=\"async\" width=\"333\" height=\"151\" src=\"https:\/\/baizara.org\/wp-content\/uploads\/2026\/01\/descarga.png\" alt=\"\" class=\"wp-image-558\" style=\"aspect-ratio:2.2053155670176947;width:221px;height:auto\" srcset=\"https:\/\/baizara.org\/wp-content\/uploads\/2026\/01\/descarga.png 333w, https:\/\/baizara.org\/wp-content\/uploads\/2026\/01\/descarga-300x136.png 300w\" sizes=\"auto, (max-width: 333px) 100vw, 333px\" \/><\/figure>\n\n\n<div class=\"wp-block-image\">\n<figure class=\"aligncenter\"><img decoding=\"async\" src=\"https:\/\/oneco.org\/wp-content\/uploads\/2017\/01\/separed.jpg\" alt=\"\" class=\"wp-image-40\"\/><\/figure>\n<\/div>\n\n<div class=\"wp-block-image\">\n<figure class=\"alignleft size-full is-resized\"><img loading=\"lazy\" decoding=\"async\" width=\"957\" height=\"820\" src=\"https:\/\/baizara.org\/wp-content\/uploads\/2026\/01\/tendiendopuentesz.jpg\" alt=\"\" class=\"wp-image-586\" style=\"aspect-ratio:1.1670845680419422;width:185px;height:auto\" srcset=\"https:\/\/baizara.org\/wp-content\/uploads\/2026\/01\/tendiendopuentesz.jpg 957w, https:\/\/baizara.org\/wp-content\/uploads\/2026\/01\/tendiendopuentesz-300x257.jpg 300w, https:\/\/baizara.org\/wp-content\/uploads\/2026\/01\/tendiendopuentesz-768x658.jpg 768w\" sizes=\"auto, (max-width: 957px) 100vw, 957px\" \/><\/figure>\n<\/div>\n\n\n<p><strong><a href=\"https:\/\/baizara.org\/index.php\/tendiendo-puentes\/\" data-type=\"page\" data-id=\"549\"><em>Tendiendo puentes<\/em><\/a><\/strong><\/p>\n\n\n\n<p>Intercambios juveniles internacionales bajo el tema de la diversidad y la convivencia intercultural, para capacitar, compartir y aprender nuevas herramientas interculturales, que promuevan la cohesi\u00f3n social de los j\u00f3venes.<\/p>\n\n\n\n<figure class=\"wp-block-image size-full is-resized\"><img loading=\"lazy\" decoding=\"async\" width=\"333\" height=\"151\" src=\"https:\/\/baizara.org\/wp-content\/uploads\/2026\/01\/descarga.png\" alt=\"\" class=\"wp-image-558\" style=\"aspect-ratio:2.2053633458385438;width:201px;height:auto\" srcset=\"https:\/\/baizara.org\/wp-content\/uploads\/2026\/01\/descarga.png 333w, https:\/\/baizara.org\/wp-content\/uploads\/2026\/01\/descarga-300x136.png 300w\" sizes=\"auto, (max-width: 333px) 100vw, 333px\" \/><\/figure>\n\n\n<div class=\"wp-block-image\">\n<figure class=\"aligncenter\"><img decoding=\"async\" src=\"https:\/\/oneco.org\/wp-content\/uploads\/2017\/01\/separed.jpg\" alt=\"\" class=\"wp-image-40\"\/><\/figure>\n<\/div>\n\n<div class=\"wp-block-image\">\n<figure class=\"alignleft size-full is-resized\"><img loading=\"lazy\" decoding=\"async\" width=\"852\" height=\"822\" src=\"https:\/\/baizara.org\/wp-content\/uploads\/2026\/01\/logociudadesinvisibles.jpg\" alt=\"\" class=\"wp-image-590\" style=\"aspect-ratio:1.0365001923193715;width:171px;height:auto\" srcset=\"https:\/\/baizara.org\/wp-content\/uploads\/2026\/01\/logociudadesinvisibles.jpg 852w, https:\/\/baizara.org\/wp-content\/uploads\/2026\/01\/logociudadesinvisibles-300x289.jpg 300w, https:\/\/baizara.org\/wp-content\/uploads\/2026\/01\/logociudadesinvisibles-768x741.jpg 768w\" sizes=\"auto, (max-width: 852px) 100vw, 852px\" \/><\/figure>\n<\/div>\n\n\n<p><strong><em>J\u00f3venes invisibles \/ Ciudades Invisibles<\/em><\/strong><\/p>\n\n\n\n<p>El proyecto pretende visibilizar la realidad de j\u00f3venes inmigrantes en \u00abciudades invisibles\u00bb dentro de nuestras propias ciudades, en situaci\u00f3n de exclusi\u00f3n, creando una herramienta de sensibilizaci\u00f3n e impacto, significativo en t\u00e9rminos de integraci\u00f3n social y cultural, empoderamiento personal, educaci\u00f3n, desarrollo de habilidades, uso accesible de la tecnolog\u00eda, construcci\u00f3n de comunidad y potencial influencia en la pol\u00edtica y la sociedad.<\/p>\n\n\nngg_shortcode_0_placeholder\n\n\n\n<p>Videos presentaci\u00f3n del proyecto:<\/p>\n\n\n\n<figure class=\"wp-block-embed is-type-video is-provider-youtube wp-block-embed-youtube wp-embed-aspect-16-9 wp-has-aspect-ratio\"><div class=\"wp-block-embed__wrapper\">\n<iframe loading=\"lazy\" title=\"Tres caminos hacia un sue\u00f1o\" width=\"750\" height=\"422\" src=\"https:\/\/www.youtube.com\/embed\/BnU5zpZm3jk?feature=oembed\" frameborder=\"0\" allow=\"accelerometer; autoplay; clipboard-write; encrypted-media; gyroscope; picture-in-picture; web-share\" referrerpolicy=\"strict-origin-when-cross-origin\" allowfullscreen><\/iframe>\n<\/div><\/figure>\n\n\n\n<figure class=\"wp-block-embed is-type-video is-provider-youtube wp-block-embed-youtube wp-embed-aspect-16-9 wp-has-aspect-ratio\"><div class=\"wp-block-embed__wrapper\">\n<iframe loading=\"lazy\" title=\"Hiru Bide, Sinbolo Bat\" width=\"750\" height=\"422\" src=\"https:\/\/www.youtube.com\/embed\/FWJlDOZ2vSs?feature=oembed\" frameborder=\"0\" allow=\"accelerometer; autoplay; clipboard-write; encrypted-media; gyroscope; picture-in-picture; web-share\" referrerpolicy=\"strict-origin-when-cross-origin\" allowfullscreen><\/iframe>\n<\/div><\/figure>\n\n\n\n<figure class=\"wp-block-image size-full is-resized\"><img loading=\"lazy\" decoding=\"async\" width=\"333\" height=\"151\" src=\"https:\/\/baizara.org\/wp-content\/uploads\/2026\/01\/descarga.png\" alt=\"\" class=\"wp-image-558\" style=\"width:199px;height:auto\" srcset=\"https:\/\/baizara.org\/wp-content\/uploads\/2026\/01\/descarga.png 333w, https:\/\/baizara.org\/wp-content\/uploads\/2026\/01\/descarga-300x136.png 300w\" sizes=\"auto, (max-width: 333px) 100vw, 333px\" \/><\/figure>\n\n\n<div class=\"wp-block-image\">\n<figure class=\"aligncenter\"><img decoding=\"async\" src=\"https:\/\/oneco.org\/wp-content\/uploads\/2017\/01\/separed.jpg\" alt=\"\" class=\"wp-image-40\"\/><\/figure>\n<\/div>\n\n<div class=\"wp-block-image\">\n<figure class=\"alignleft size-full is-resized\"><img loading=\"lazy\" decoding=\"async\" width=\"814\" height=\"811\" src=\"https:\/\/baizara.org\/wp-content\/uploads\/2026\/01\/logodeporte.jpg\" alt=\"\" class=\"wp-image-585\" style=\"aspect-ratio:1.0037054098984517;width:167px;height:auto\" srcset=\"https:\/\/baizara.org\/wp-content\/uploads\/2026\/01\/logodeporte.jpg 814w, https:\/\/baizara.org\/wp-content\/uploads\/2026\/01\/logodeporte-300x300.jpg 300w, https:\/\/baizara.org\/wp-content\/uploads\/2026\/01\/logodeporte-150x150.jpg 150w, https:\/\/baizara.org\/wp-content\/uploads\/2026\/01\/logodeporte-768x765.jpg 768w\" sizes=\"auto, (max-width: 814px) 100vw, 814px\" \/><\/figure>\n<\/div>\n\n\n<p><strong><em><a href=\"https:\/\/baizara.org\/index.php\/agrupacion-deportiva-baizara\/\" data-type=\"page\" data-id=\"772\" target=\"_blank\" rel=\"noreferrer noopener\">Diversidad y Deporte<\/a><\/em><\/strong><\/p>\n\n\n\n<p>Con dos clubes deportivos de Bizkaia y \u00c1lava implementamos una metodolog\u00eda a medida seg\u00fan la composici\u00f3n identitaria de cada grupo\/equipo deportivo para empoderar, crear comunidad y lograr una relaci\u00f3n equilibrada con la sociedad de acogida. Asimismo nuestra entidad ha creado una <strong>\u00abAgrupaci\u00f3n Deportiva Baizara\u00bb <\/strong>para implementar este eje.<\/p>\n\n\n<div class=\"wp-block-image\">\n<figure class=\"aligncenter\"><img decoding=\"async\" src=\"https:\/\/oneco.org\/wp-content\/uploads\/2017\/01\/separed.jpg\" alt=\"\" class=\"wp-image-40\"\/><\/figure>\n<\/div>\n\n\n<h2 class=\"wp-block-heading\">Proyectos Internacionales<\/h2>\n\n\n\n<p>Las redes internacionales de Baizara son muy extensas debido a la participaci\u00f3n en la convenci\u00f3n 2003 y 2005 de UNESCO, redes euromediterraneas, European civic Forum, etc. Algunos ejemplos son:<\/p>\n\n\n<div class=\"wp-block-image\">\n<figure class=\"alignleft size-full is-resized\"><img loading=\"lazy\" decoding=\"async\" width=\"693\" height=\"776\" src=\"https:\/\/baizara.org\/wp-content\/uploads\/2026\/01\/logoprotocolos.jpg\" alt=\"\" class=\"wp-image-581\" style=\"aspect-ratio:0.8645853532415487;width:150px;height:auto\" srcset=\"https:\/\/baizara.org\/wp-content\/uploads\/2026\/01\/logoprotocolos.jpg 693w, https:\/\/baizara.org\/wp-content\/uploads\/2026\/01\/logoprotocolos-268x300.jpg 268w\" sizes=\"auto, (max-width: 693px) 100vw, 693px\" \/><\/figure>\n<\/div>\n\n\n<p><strong>Protocolos<\/strong><\/p>\n\n\n\n<p>Objetivo del programa: Dise\u00f1ar unos protocolos en unas recomendaciones sobre el racismo, para prevenir los delitos de odio, xenofobia y disponer de buenas pr\u00e1cticas que sirvan de gu\u00eda a nuevas situaciones.&nbsp; Proyecto con ONGs que trabajan con inmigraci\u00f3n forzada y refugiados en el \u00e1mbito del deporte.<\/p>\n\n\n<div class=\"wp-block-image\">\n<figure class=\"aligncenter\"><img decoding=\"async\" src=\"https:\/\/oneco.org\/wp-content\/uploads\/2017\/01\/separed.jpg\" alt=\"\" class=\"wp-image-40\"\/><\/figure>\n<\/div>\n\n\n<ul class=\"wp-block-list\">\n<li><strong>Erasmus +<\/strong><\/li>\n<\/ul>\n\n\n\n<p>Dentro de la secci\u00f3n <a href=\"https:\/\/baizara.org\/index.php\/erasmus\/\">Erasmus +<\/a> est\u00e1n recogidos los proyectos en los que baizara interviene  en este `programa.<\/p>\n\n\n\n<div class=\"wp-block-columns is-layout-flex wp-container-core-columns-is-layout-9d6595d7 wp-block-columns-is-layout-flex\">\n<div class=\"wp-block-column is-layout-flow wp-block-column-is-layout-flow\">\n<figure class=\"wp-block-image size-full\"><img loading=\"lazy\" decoding=\"async\" width=\"420\" height=\"120\" src=\"https:\/\/baizara.org\/wp-content\/uploads\/2024\/03\/descarga-2.png\" alt=\"\" class=\"wp-image-309\" srcset=\"https:\/\/baizara.org\/wp-content\/uploads\/2024\/03\/descarga-2.png 420w, https:\/\/baizara.org\/wp-content\/uploads\/2024\/03\/descarga-2-300x86.png 300w\" sizes=\"auto, (max-width: 420px) 100vw, 420px\" \/><\/figure>\n<\/div>\n\n\n\n<div class=\"wp-block-column is-layout-flow wp-block-column-is-layout-flow\">\n<figure class=\"wp-block-image size-full\"><img loading=\"lazy\" decoding=\"async\" width=\"450\" height=\"112\" src=\"https:\/\/baizara.org\/wp-content\/uploads\/2024\/03\/descarga-1.png\" alt=\"\" class=\"wp-image-308\" srcset=\"https:\/\/baizara.org\/wp-content\/uploads\/2024\/03\/descarga-1.png 450w, https:\/\/baizara.org\/wp-content\/uploads\/2024\/03\/descarga-1-300x75.png 300w\" sizes=\"auto, (max-width: 450px) 100vw, 450px\" \/><\/figure>\n<\/div>\n<\/div>\n","protected":false},"excerpt":{"rendered":"<p>Proyectos locales Diversidad y convivencia A trav\u00e9s de un programa de intervenci\u00f3n con j\u00f3venes de primera y siguieres generaciones de personas inmigrantes, realizamos un programa<\/p>\n","protected":false},"author":1,"featured_media":0,"parent":0,"menu_order":0,"comment_status":"closed","ping_status":"closed","template":"","meta":{"ngg_post_thumbnail":0,"footnotes":""},"class_list":["post-221","page","type-page","status-publish","hentry"],"_links":{"self":[{"href":"https:\/\/baizara.org\/index.php\/wp-json\/wp\/v2\/pages\/221","targetHints":{"allow":["GET"]}}],"collection":[{"href":"https:\/\/baizara.org\/index.php\/wp-json\/wp\/v2\/pages"}],"about":[{"href":"https:\/\/baizara.org\/index.php\/wp-json\/wp\/v2\/types\/page"}],"author":[{"embeddable":true,"href":"https:\/\/baizara.org\/index.php\/wp-json\/wp\/v2\/users\/1"}],"replies":[{"embeddable":true,"href":"https:\/\/baizara.org\/index.php\/wp-json\/wp\/v2\/comments?post=221"}],"version-history":[{"count":74,"href":"https:\/\/baizara.org\/index.php\/wp-json\/wp\/v2\/pages\/221\/revisions"}],"predecessor-version":[{"id":776,"href":"https:\/\/baizara.org\/index.php\/wp-json\/wp\/v2\/pages\/221\/revisions\/776"}],"wp:attachment":[{"href":"https:\/\/baizara.org\/index.php\/wp-json\/wp\/v2\/media?parent=221"}],"curies":[{"name":"wp","href":"https:\/\/api.w.org\/{rel}","templated":true}]}}