{"id":290,"date":"2024-03-02T11:39:01","date_gmt":"2024-03-02T11:39:01","guid":{"rendered":"https:\/\/baizara.org\/?page_id=290"},"modified":"2026-01-25T11:22:32","modified_gmt":"2026-01-25T11:22:32","slug":"erasmus","status":"publish","type":"page","link":"https:\/\/baizara.org\/index.php\/erasmus\/","title":{"rendered":"Erasmus +"},"content":{"rendered":"<div class=\"wp-block-image\">\n<figure class=\"alignleft size-full\"><img loading=\"lazy\" decoding=\"async\" width=\"369\" height=\"136\" src=\"https:\/\/baizara.org\/wp-content\/uploads\/2026\/01\/images.jpg\" alt=\"\" class=\"wp-image-596\" srcset=\"https:\/\/baizara.org\/wp-content\/uploads\/2026\/01\/images.jpg 369w, https:\/\/baizara.org\/wp-content\/uploads\/2026\/01\/images-300x111.jpg 300w\" sizes=\"auto, (max-width: 369px) 100vw, 369px\" \/><\/figure>\n<\/div>\n\n\n<p>El encuentro Eramus +, Capacity building, se desarrollar\u00e1 en<strong>\u00a0Bilbao<\/strong>, coordinado por la\u00a0<strong>Asociaci\u00f3n Cultural Baizara\u00a0<\/strong>con\u00a0<strong>La Caravana de las Diez Palabras<\/strong>\u00a0de Auvernia-R\u00f3dano Alpes. Organizaciones de 12 pa\u00edses se reunir\u00e1n en Bilbao durante 4 d\u00edas en junio de 2026, para ofrecer enfoques educativos inclusivos que valoren las lenguas, las culturas y las pr\u00e1cticas art\u00edsticas.<\/p>\n\n\n\n<hr class=\"wp-block-separator has-alpha-channel-opacity\"\/>\n\n\n<div class=\"wp-block-image\">\n<figure class=\"alignleft size-large is-resized\"><img loading=\"lazy\" decoding=\"async\" width=\"1024\" height=\"574\" src=\"https:\/\/baizara.org\/wp-content\/uploads\/2025\/06\/Imagen-de-WhatsApp-2025-08-04-a-las-16.20.59_f89131ad-1024x574.jpg\" alt=\"\" class=\"wp-image-517\" style=\"aspect-ratio:1.7840492494985127;width:365px;height:auto\" srcset=\"https:\/\/baizara.org\/wp-content\/uploads\/2025\/06\/Imagen-de-WhatsApp-2025-08-04-a-las-16.20.59_f89131ad-1024x574.jpg 1024w, https:\/\/baizara.org\/wp-content\/uploads\/2025\/06\/Imagen-de-WhatsApp-2025-08-04-a-las-16.20.59_f89131ad-300x168.jpg 300w, https:\/\/baizara.org\/wp-content\/uploads\/2025\/06\/Imagen-de-WhatsApp-2025-08-04-a-las-16.20.59_f89131ad-768x431.jpg 768w, https:\/\/baizara.org\/wp-content\/uploads\/2025\/06\/Imagen-de-WhatsApp-2025-08-04-a-las-16.20.59_f89131ad.jpg 1041w\" sizes=\"auto, (max-width: 1024px) 100vw, 1024px\" \/><\/figure>\n<\/div>\n\n\n<p>La <strong><em>Asociaci\u00f3n cultural Baizara<\/em><\/strong> env\u00eda dos participantes al  proyecto <strong><em>YERM PRO TRAINING<\/em><\/strong> a desarrollar en Amberes\/B\u00e9lgica 23 al 27 de junio de 2025. <br>Provide a foundational understanding of community building through social sport practices<br>Exchange and co-create successful practices in formation of social sport coaches and community building. Insights into local implementation strategies<br><\/p>\n\n\n\n<hr class=\"wp-block-separator has-alpha-channel-opacity\"\/>\n\n\n<div class=\"wp-block-image\">\n<figure class=\"alignleft size-full is-resized\"><img loading=\"lazy\" decoding=\"async\" width=\"1015\" height=\"501\" src=\"https:\/\/baizara.org\/wp-content\/uploads\/2024\/06\/slovakia.jpg\" alt=\"\" class=\"wp-image-372\" style=\"aspect-ratio:2.025957581513137;width:357px;height:auto\" srcset=\"https:\/\/baizara.org\/wp-content\/uploads\/2024\/06\/slovakia.jpg 1015w, https:\/\/baizara.org\/wp-content\/uploads\/2024\/06\/slovakia-300x148.jpg 300w, https:\/\/baizara.org\/wp-content\/uploads\/2024\/06\/slovakia-768x379.jpg 768w\" sizes=\"auto, (max-width: 1015px) 100vw, 1015px\" \/><\/figure>\n<\/div>\n\n\n<p><strong>\u00abEmpowerment in Nature: Training for Youth Workers<\/strong>\u00ab<br>Erasmus +, action KA153, will be implemented in Slovakia and it is focused in Youth Workers in Action for Nature and Wellbeing. The 7-day training in Slovakia will allow the participants to learn how to use a toolkit in their daily work with the Youth<br><\/p>\n\n\n\n<hr class=\"wp-block-separator has-alpha-channel-opacity\"\/>\n\n\n<div class=\"wp-block-image\">\n<figure class=\"alignleft size-large is-resized\"><img loading=\"lazy\" decoding=\"async\" width=\"1024\" height=\"609\" src=\"https:\/\/baizara.org\/wp-content\/uploads\/2024\/03\/ciri-1024x609.jpg\" alt=\"\" class=\"wp-image-291\" style=\"aspect-ratio:1.6814673181785993;width:354px;height:auto\" srcset=\"https:\/\/baizara.org\/wp-content\/uploads\/2024\/03\/ciri-1024x609.jpg 1024w, https:\/\/baizara.org\/wp-content\/uploads\/2024\/03\/ciri-300x179.jpg 300w, https:\/\/baizara.org\/wp-content\/uploads\/2024\/03\/ciri-768x457.jpg 768w, https:\/\/baizara.org\/wp-content\/uploads\/2024\/03\/ciri-1536x914.jpg 1536w, https:\/\/baizara.org\/wp-content\/uploads\/2024\/03\/ciri.jpg 1563w\" sizes=\"auto, (max-width: 1024px) 100vw, 1024px\" \/><\/figure>\n<\/div>\n\n\n<div class=\"wp-block-columns is-layout-flex wp-container-core-columns-is-layout-9d6595d7 wp-block-columns-is-layout-flex\">\n<div class=\"wp-block-column is-layout-flow wp-block-column-is-layout-flow\"><\/div>\n\n\n\n<div class=\"wp-block-column is-layout-flow wp-block-column-is-layout-flow\"><\/div>\n<\/div>\n\n\n\n<p>Main theme of this training course is going to be quality and child protection during refugee and asylum seeker integration within youth work and volunteering &#8211; perfect for social workers, youth workers and volunteers already working with asylum seekers, refugees, and displaced people or having the opportunity to do so<\/p>\n\n\n\n<hr class=\"wp-block-separator has-alpha-channel-opacity\"\/>\n\n\n\n<p><\/p>\n","protected":false},"excerpt":{"rendered":"<p>El encuentro Eramus +, Capacity building, se desarrollar\u00e1 en\u00a0Bilbao, coordinado por la\u00a0Asociaci\u00f3n Cultural Baizara\u00a0con\u00a0La Caravana de las Diez Palabras\u00a0de Auvernia-R\u00f3dano Alpes. Organizaciones de 12 pa\u00edses<\/p>\n","protected":false},"author":1,"featured_media":0,"parent":0,"menu_order":0,"comment_status":"closed","ping_status":"closed","template":"","meta":{"ngg_post_thumbnail":0,"footnotes":""},"class_list":["post-290","page","type-page","status-publish","hentry"],"_links":{"self":[{"href":"https:\/\/baizara.org\/index.php\/wp-json\/wp\/v2\/pages\/290","targetHints":{"allow":["GET"]}}],"collection":[{"href":"https:\/\/baizara.org\/index.php\/wp-json\/wp\/v2\/pages"}],"about":[{"href":"https:\/\/baizara.org\/index.php\/wp-json\/wp\/v2\/types\/page"}],"author":[{"embeddable":true,"href":"https:\/\/baizara.org\/index.php\/wp-json\/wp\/v2\/users\/1"}],"replies":[{"embeddable":true,"href":"https:\/\/baizara.org\/index.php\/wp-json\/wp\/v2\/comments?post=290"}],"version-history":[{"count":20,"href":"https:\/\/baizara.org\/index.php\/wp-json\/wp\/v2\/pages\/290\/revisions"}],"predecessor-version":[{"id":632,"href":"https:\/\/baizara.org\/index.php\/wp-json\/wp\/v2\/pages\/290\/revisions\/632"}],"wp:attachment":[{"href":"https:\/\/baizara.org\/index.php\/wp-json\/wp\/v2\/media?parent=290"}],"curies":[{"name":"wp","href":"https:\/\/api.w.org\/{rel}","templated":true}]}}