{"id":37,"date":"2021-04-05T19:47:48","date_gmt":"2021-04-05T19:47:48","guid":{"rendered":"https:\/\/baizara.org\/?page_id=37"},"modified":"2023-10-08T16:08:17","modified_gmt":"2023-10-08T16:08:17","slug":"antecedentes","status":"publish","type":"page","link":"https:\/\/baizara.org\/index.php\/antecedentes\/","title":{"rendered":"Antecedentes"},"content":{"rendered":"\n<p>Los antecedentes de nuestra entidad tienen una referencia metodol\u00f3gica com\u00fan, testada a lo largo de los a\u00f1os en diferentes entidades en  proyectos y actividades sobre diversidad, creaci\u00f3n cultural, patrimonio inmaterial,  impacto social, implementada tanto a nivel local como internacional<\/p>\n\n\n\n<p>En una aproximaci\u00f3n general,  la metodolog\u00eda ha tenido un nexo de uni\u00f3n: la creaci\u00f3n de nodos independientes estables de inter\u00e9s y su puesta en relaci\u00f3n, usando terminolog\u00eda de E. Morin: orden-desorden-interacciones-organizaci\u00f3n, o usando la terminolog\u00eda de-constructivista: descomponer para crear lo nuevo.<\/p>\n\n\n\n<p>Este trabajo previo se ha centrado en las siguientes \u00e1reas:<\/p>\n\n\n\n<p><strong>PRODUCCI\u00d3N Y PROGRAMACI\u00d3N<\/strong><\/p>\n\n\n\nngg_shortcode_0_placeholder\n\n\n\n<p><strong>PROYECTOS INTERNACIONALES<\/strong><\/p>\n\n\n\nngg_shortcode_1_placeholder\n\n\n\n<p><strong>REDES INTERNACIONALES <\/strong><\/p>\n\n\n\nngg_shortcode_2_placeholder\n\n\n<div class=\"wp-block-image\">\n<figure class=\"aligncenter\"><img decoding=\"async\" src=\"https:\/\/oneco.org\/wp-content\/uploads\/2017\/01\/separed.jpg\" alt=\"\" class=\"wp-image-40\"\/><\/figure>\n<\/div>\n\n\n<p><strong>Otras organizaciones previas:<\/strong><\/p>\n\n\n\n<p><strong> <a href=\"https:\/\/www.flickr.com\/photos\/94853068@N06\/albums\/\">BILUTS<\/a><\/strong><\/p>\n\n\n\n<p>En el caso de esta entidad, se cre\u00f3 una red compleja de actividades, a modo de p\u00edldoras identitarias y sociales, que se cruzaban en la planificaci\u00f3n metodol\u00f3gica, y produc\u00edan, a partir del encuentro natural, comunidad, sinergias y din\u00e1micas no controladas. De este modo, decenas de outputs nacieron de esta metodolog\u00eda.de un modo natural y sal\u00edieron de nuestra entidad a la sociedad de modo aut\u00f3nomo  y pleno. Este \u00e9xito metodol\u00f3gico est\u00e1 en la base de organizaciones y proyectos posteriores.<\/p>\n\n\n\n<p><\/p>\n","protected":false},"excerpt":{"rendered":"<p>Los antecedentes de nuestra entidad tienen una referencia metodol\u00f3gica com\u00fan, testada a lo largo de los a\u00f1os en diferentes entidades en proyectos y actividades sobre<\/p>\n","protected":false},"author":1,"featured_media":0,"parent":0,"menu_order":0,"comment_status":"closed","ping_status":"closed","template":"","meta":{"ngg_post_thumbnail":0,"footnotes":""},"class_list":["post-37","page","type-page","status-publish","hentry"],"_links":{"self":[{"href":"https:\/\/baizara.org\/index.php\/wp-json\/wp\/v2\/pages\/37","targetHints":{"allow":["GET"]}}],"collection":[{"href":"https:\/\/baizara.org\/index.php\/wp-json\/wp\/v2\/pages"}],"about":[{"href":"https:\/\/baizara.org\/index.php\/wp-json\/wp\/v2\/types\/page"}],"author":[{"embeddable":true,"href":"https:\/\/baizara.org\/index.php\/wp-json\/wp\/v2\/users\/1"}],"replies":[{"embeddable":true,"href":"https:\/\/baizara.org\/index.php\/wp-json\/wp\/v2\/comments?post=37"}],"version-history":[{"count":21,"href":"https:\/\/baizara.org\/index.php\/wp-json\/wp\/v2\/pages\/37\/revisions"}],"predecessor-version":[{"id":260,"href":"https:\/\/baizara.org\/index.php\/wp-json\/wp\/v2\/pages\/37\/revisions\/260"}],"wp:attachment":[{"href":"https:\/\/baizara.org\/index.php\/wp-json\/wp\/v2\/media?parent=37"}],"curies":[{"name":"wp","href":"https:\/\/api.w.org\/{rel}","templated":true}]}}