{"id":507,"date":"2025-07-23T10:27:02","date_gmt":"2025-07-23T10:27:02","guid":{"rendered":"https:\/\/baizara.org\/?page_id=507"},"modified":"2026-02-05T11:01:28","modified_gmt":"2026-02-05T11:01:28","slug":"voluntariado","status":"publish","type":"page","link":"https:\/\/baizara.org\/index.php\/voluntariado\/","title":{"rendered":"Voluntariado"},"content":{"rendered":"\n<figure class=\"wp-block-image size-large is-resized\"><img loading=\"lazy\" decoding=\"async\" width=\"1024\" height=\"198\" src=\"https:\/\/baizara.org\/wp-content\/uploads\/2026\/02\/ESC-1024x198.jpg\" alt=\"\" class=\"wp-image-646\" style=\"width:770px;height:auto\" srcset=\"https:\/\/baizara.org\/wp-content\/uploads\/2026\/02\/ESC-1024x198.jpg 1024w, https:\/\/baizara.org\/wp-content\/uploads\/2026\/02\/ESC-300x58.jpg 300w, https:\/\/baizara.org\/wp-content\/uploads\/2026\/02\/ESC-768x148.jpg 768w, https:\/\/baizara.org\/wp-content\/uploads\/2026\/02\/ESC-1536x297.jpg 1536w, https:\/\/baizara.org\/wp-content\/uploads\/2026\/02\/ESC.jpg 1662w\" sizes=\"auto, (max-width: 1024px) 100vw, 1024px\" \/><\/figure>\n\n\n\n<p><strong><a href=\"mailto:voluntariado@baizara.org\">voluntariado@baizara.org<\/a><\/strong><\/p>\n\n\n\n<p>El <strong>voluntariado<\/strong> es un compromiso personal donde se pre-suponen los valores de solidaridad, respeto de la dignidad humana y derechos humanos, la promoci\u00f3n una sociedad justa e igualitaria basada en el pluralismo, la no discriminaci\u00f3n, la tolerancia, la justicia, la solidaridad y la igualdad.<\/p>\n\n\n\n<p>La\u00a0<strong>asociaci\u00f3n cultural Baizara<\/strong>\u00a0tiene el\u00a0Sello de calidad\u00a0en el marco del Programa del Cuerpo Europeo de Solidaridad (ESC) con el n\u00famero: 2025-1-ES02-ESC50-QLA-000388573.<\/p>\n\n\n\n<p>La asociaci\u00f3n realiza acciones de<strong> acogida y env\u00edo de voluntarios<\/strong> dentro del marco del<a href=\"https:\/\/youth.europa.eu\/solidarity\/mission_en\">\u00a0cuerpo de solidaridad europea<\/a><\/p>\n\n\n\n<p>A nivel de acogida  las actividades est\u00e1n enmarcadas dentro de las actividades recogidas en  <a href=\"https:\/\/baizara.org\/index.php\/areas\/\">Proyectos<\/a>.<\/p>\n\n\n\n<p><strong>OBJETIVO GENERAL<\/strong><\/p>\n\n\n\n<p>El objetivo general del Programa es incrementar la participaci\u00f3n de los j\u00f3venes y las organizaciones en actividades solidarias accesibles y de gran calidad, principalmente de voluntariado, como herramienta para reforzar la cohesi\u00f3n, la solidaridad, la democracia, la identidad europea y la ciudadan\u00eda activa en la Uni\u00f3n y fuera de ella, abordando los desaf\u00edos sociales y humanitarios sobre el terreno, con un especial \u00e9nfasis en promover el desarrollo sostenible, la inclusi\u00f3n social y la igualdad de oportunidades.<\/p>\n\n\n\n<p><strong>O<\/strong><strong>BJETIVO ESPEC\u00cdFICO<\/strong><\/p>\n\n\n\n<p>El objetivo espec\u00edfico del Programa es proporcionar a los j\u00f3venes, incluidos los j\u00f3venes con menos oportunidades, oportunidades de f\u00e1cil acceso para participar en actividades solidarias que induzcan cambios sociales positivos en la Uni\u00f3n y fuera de ella, al mismo tiempo que se mejoran, reconocen y validan sus competencias, y que se facilita su continuo compromiso con la ciudadan\u00eda activa..<\/p>\n\n\n\n<hr class=\"wp-block-separator has-alpha-channel-opacity\"\/>\n\n\n\n<p><strong>A nivel local <\/strong> en este momento buscamos los siguientes perfiles:<\/p>\n\n\n\n<h6 class=\"wp-block-heading\">Voluntariado profesor\/a de castellano, euskera e ingl\u00e9s<\/h6>\n\n\n\n<p>Buscamos voluntarios y voluntarias, especialmente del sector educativo, para Impartir clases de Castellano  a personas migrantes en situaci\u00f3n de vulnerabilidad, ofreci\u00e9ndoles formaci\u00f3n, acompa\u00f1amiento y apoyo. <\/p>\n\n\n\n<p> Dichos cursos son trimestrales y se realizan una clase por semana de dos horas de duraci\u00f3n. Las clases son los viernes, en horario de tarde.<br>Nuestro centro est\u00e1 en la Avenida Txomi Garat, 2 lonja 14, 48004 Bilbao<\/p>\n\n\n<div class=\"wp-block-image\">\n<figure class=\"aligncenter size-full is-resized\"><img loading=\"lazy\" decoding=\"async\" width=\"807\" height=\"605\" src=\"https:\/\/baizara.org\/wp-content\/uploads\/2025\/07\/20181113_110956BR.jpg\" alt=\"\" class=\"wp-image-509\" style=\"width:407px;height:auto\" srcset=\"https:\/\/baizara.org\/wp-content\/uploads\/2025\/07\/20181113_110956BR.jpg 807w, https:\/\/baizara.org\/wp-content\/uploads\/2025\/07\/20181113_110956BR-300x225.jpg 300w, https:\/\/baizara.org\/wp-content\/uploads\/2025\/07\/20181113_110956BR-768x576.jpg 768w, https:\/\/baizara.org\/wp-content\/uploads\/2025\/07\/20181113_110956BR-100x75.jpg 100w\" sizes=\"auto, (max-width: 807px) 100vw, 807px\" \/><\/figure>\n<\/div>\n\n\n<h6 class=\"wp-block-heading\">Entrenador de f\u00fatbol<\/h6>\n\n\n\n<p>Buscamos personas con conocimientos de f\u00fatbol para formar parte del equipo t\u00e9cnico que dirige entrenamientos del equipo de f\u00fatbol constituido en colaboraci\u00f3n con un club deportivo, formado principalmente por inmigrantes, que toma parte de liga de f\u00fatbol 7 y f\u00fatbol 11.<\/p>\n\n\n\n<p>Los entrenamientos se realizan en Arrigorriaga.<\/p>\n\n\n<div class=\"wp-block-image\">\n<figure class=\"aligncenter size-full is-resized\"><img loading=\"lazy\" decoding=\"async\" width=\"591\" height=\"350\" src=\"https:\/\/baizara.org\/wp-content\/uploads\/2025\/07\/482221888_656203373449869_6402721469282118320_n.jpg\" alt=\"\" class=\"wp-image-508\" style=\"width:431px;height:auto\" srcset=\"https:\/\/baizara.org\/wp-content\/uploads\/2025\/07\/482221888_656203373449869_6402721469282118320_n.jpg 591w, https:\/\/baizara.org\/wp-content\/uploads\/2025\/07\/482221888_656203373449869_6402721469282118320_n-300x178.jpg 300w\" sizes=\"auto, (max-width: 591px) 100vw, 591px\" \/><\/figure>\n<\/div>\n\n\n<hr class=\"wp-block-separator has-alpha-channel-opacity\"\/>\n\n\n\n<p><strong>Si quieres mas informaci\u00f3n<\/strong> m\u00e1ndanos un email a <strong><a href=\"mailto:voluntariado@baizara.org\">voluntariado@baizara.org<\/a> <\/strong>o un <strong>Whatsapp <\/strong>al +34 676247793<\/p>\n\n\n\n<p><\/p>\n","protected":false},"excerpt":{"rendered":"<p>voluntariado@baizara.org El voluntariado es un compromiso personal donde se pre-suponen los valores de solidaridad, respeto de la dignidad humana y derechos humanos, la promoci\u00f3n una<\/p>\n","protected":false},"author":1,"featured_media":0,"parent":0,"menu_order":0,"comment_status":"closed","ping_status":"closed","template":"","meta":{"ngg_post_thumbnail":0,"footnotes":""},"class_list":["post-507","page","type-page","status-publish","hentry"],"_links":{"self":[{"href":"https:\/\/baizara.org\/index.php\/wp-json\/wp\/v2\/pages\/507","targetHints":{"allow":["GET"]}}],"collection":[{"href":"https:\/\/baizara.org\/index.php\/wp-json\/wp\/v2\/pages"}],"about":[{"href":"https:\/\/baizara.org\/index.php\/wp-json\/wp\/v2\/types\/page"}],"author":[{"embeddable":true,"href":"https:\/\/baizara.org\/index.php\/wp-json\/wp\/v2\/users\/1"}],"replies":[{"embeddable":true,"href":"https:\/\/baizara.org\/index.php\/wp-json\/wp\/v2\/comments?post=507"}],"version-history":[{"count":9,"href":"https:\/\/baizara.org\/index.php\/wp-json\/wp\/v2\/pages\/507\/revisions"}],"predecessor-version":[{"id":652,"href":"https:\/\/baizara.org\/index.php\/wp-json\/wp\/v2\/pages\/507\/revisions\/652"}],"wp:attachment":[{"href":"https:\/\/baizara.org\/index.php\/wp-json\/wp\/v2\/media?parent=507"}],"curies":[{"name":"wp","href":"https:\/\/api.w.org\/{rel}","templated":true}]}}