{"id":549,"date":"2026-01-20T10:33:09","date_gmt":"2026-01-20T10:33:09","guid":{"rendered":"https:\/\/baizara.org\/?page_id=549"},"modified":"2026-01-20T10:45:48","modified_gmt":"2026-01-20T10:45:48","slug":"tendiendo-puentes","status":"publish","type":"page","link":"https:\/\/baizara.org\/index.php\/tendiendo-puentes\/","title":{"rendered":"Tendiendo Puentes"},"content":{"rendered":"\n<p>El proyecto es un intercambio de j\u00f3venes bajo el tema de la diversidad y la convivencia intercultural, para conocer , compartir y aprender con una metodolog\u00eda no formal nuevas herramientas interculturales, que promuevan la cohesi\u00f3n social de los j\u00f3venes, a partir de un aprendizaje creativo.<\/p>\n\n\n<div class=\"wp-block-image\">\n<figure class=\"aligncenter size-large is-resized\"><img loading=\"lazy\" decoding=\"async\" width=\"687\" height=\"1024\" src=\"https:\/\/baizara.org\/wp-content\/uploads\/2026\/01\/cartelsorgune2025BR-687x1024.jpg\" alt=\"\" class=\"wp-image-552\" style=\"width:329px;height:auto\" srcset=\"https:\/\/baizara.org\/wp-content\/uploads\/2026\/01\/cartelsorgune2025BR-687x1024.jpg 687w, https:\/\/baizara.org\/wp-content\/uploads\/2026\/01\/cartelsorgune2025BR-201x300.jpg 201w, https:\/\/baizara.org\/wp-content\/uploads\/2026\/01\/cartelsorgune2025BR-768x1145.jpg 768w, https:\/\/baizara.org\/wp-content\/uploads\/2026\/01\/cartelsorgune2025BR.jpg 848w\" sizes=\"auto, (max-width: 687px) 100vw, 687px\" \/><\/figure>\n<\/div>","protected":false},"excerpt":{"rendered":"<p>El proyecto es un intercambio de j\u00f3venes bajo el tema de la diversidad y la convivencia intercultural, para conocer , compartir y aprender con una<\/p>\n","protected":false},"author":1,"featured_media":0,"parent":0,"menu_order":0,"comment_status":"closed","ping_status":"closed","template":"","meta":{"ngg_post_thumbnail":0,"footnotes":""},"class_list":["post-549","page","type-page","status-publish","hentry"],"_links":{"self":[{"href":"https:\/\/baizara.org\/index.php\/wp-json\/wp\/v2\/pages\/549","targetHints":{"allow":["GET"]}}],"collection":[{"href":"https:\/\/baizara.org\/index.php\/wp-json\/wp\/v2\/pages"}],"about":[{"href":"https:\/\/baizara.org\/index.php\/wp-json\/wp\/v2\/types\/page"}],"author":[{"embeddable":true,"href":"https:\/\/baizara.org\/index.php\/wp-json\/wp\/v2\/users\/1"}],"replies":[{"embeddable":true,"href":"https:\/\/baizara.org\/index.php\/wp-json\/wp\/v2\/comments?post=549"}],"version-history":[{"count":4,"href":"https:\/\/baizara.org\/index.php\/wp-json\/wp\/v2\/pages\/549\/revisions"}],"predecessor-version":[{"id":560,"href":"https:\/\/baizara.org\/index.php\/wp-json\/wp\/v2\/pages\/549\/revisions\/560"}],"wp:attachment":[{"href":"https:\/\/baizara.org\/index.php\/wp-json\/wp\/v2\/media?parent=549"}],"curies":[{"name":"wp","href":"https:\/\/api.w.org\/{rel}","templated":true}]}}