{"id":772,"date":"2026-04-01T12:07:18","date_gmt":"2026-04-01T12:07:18","guid":{"rendered":"https:\/\/baizara.org\/?page_id=772"},"modified":"2026-04-01T12:11:26","modified_gmt":"2026-04-01T12:11:26","slug":"agrupacion-deportiva-baizara","status":"publish","type":"page","link":"https:\/\/baizara.org\/index.php\/agrupacion-deportiva-baizara\/","title":{"rendered":"Agrupaci\u00f3n Deportiva Baizara"},"content":{"rendered":"\n<p>La&nbsp;<strong><em>AGRUPACION DEPORTIVA BAIZARA<\/em><\/strong>&nbsp;ha sido inscrita en el Registro de Entidades Deportivas del Gobierno Vasco con el n\u00ba AD0007776.<\/p>\n\n\n\n<p>La creaci\u00f3n de esta entidad, dependiente de la Asociaci\u00f3n, se enmarca en la implementaci\u00f3n en el eje de&nbsp;<strong><em>\u00abDiversidad y deporte\u00bb<\/em><\/strong>, con el deporte como herramienta para empoderar, crear comunidad y lograr una relaci\u00f3n equilibrada en la sociedad, as\u00ed como al cumplimiento de los ejes de la entidad de diversidad cultural y derechos humanos y cohesi\u00f3n social.<\/p>\n\n\n\n<p>Los ejes principales de la A.D. ser\u00e1n:<\/p>\n\n\n\n<ul class=\"wp-block-list\">\n<li>Promover la convivencia y cohesi\u00f3n social de inmigrantes  a nivel local <\/li>\n\n\n\n<li>Promover las actividades deportivas que forman parte del&nbsp;<strong>patrimonio inmaterial&nbsp;<\/strong>mundial<\/li>\n\n\n\n<li>Desarrollar la prioridad europea #<strong><em>HEALTHFORLIFE<\/em><\/strong><\/li>\n\n\n\n<li>Consolidar la participaci\u00f3n que ya desarrollamos en&nbsp;<strong>SHARE 2.0<\/strong>&nbsp;de la UE<\/li>\n<\/ul>\n\n\n\n<p><\/p>\n\n\n\n<h2 class=\"wp-block-heading\">Inserci\u00f3n por la actividad f\u00edsica y el deporte<\/h2>\n\n\n\n<p>El objetivo del proyecto es dotar de integraci\u00f3n y capacitaci\u00f3n social a partir de la actividad f\u00edsica y deportiva como herramienta. Las actividades forman un catalogo completo e interrelacionado tocando diversos \u00e1mbitos de la persona y estableciendo v\u00ednculos con la sociedad.<\/p>\n\n\n\n<p><strong>Objetivos generales y espec\u00edficos<\/strong><\/p>\n\n\n\n<p><strong>Objetivo General<\/strong><\/p>\n\n\n\n<p>Dotar a la persona en situaci\u00f3n de exclusi\u00f3n de herramientas que le permitan integrarse con su entorno social de la manera m\u00e1s eficaz e inmediata a trav\u00e9s de actividades f\u00edsicas y deportivas.<\/p>\n\n\n\n<p><strong>Objetivos Espec\u00edficos<\/strong><\/p>\n\n\n\n<ul class=\"wp-block-list\">\n<li>Conseguir una mayor autonom\u00eda personal.<\/li>\n\n\n\n<li>Aumentar la salud y la autoestima.<\/li>\n\n\n\n<li>Establecer din\u00e1micas de integraci\u00f3n y encuentro.<\/li>\n\n\n\n<li>Poner en contacto a la persona en situaci\u00f3n de exclusi\u00f3n social con entornos estables, favoreciendo el acercamiento y el contacto desde actitudes de respeto y enriquecimiento mutuo.<\/li>\n\n\n\n<li>Favorecer su inserci\u00f3n formativa y laboral<\/li>\n<\/ul>\n\n\n\n<p><strong>Actividades desarrolladas<\/strong><\/p>\n\n\n\n<ul class=\"wp-block-list\">\n<li>Participaci\u00f3n en actividades deportivas y f\u00edsicas en la agrupaci\u00f3n, con un perfil de socios mayoritariamente personas aut\u00f3ctonas con perfil laboral y social estable.<\/li>\n\n\n\n<li>Acompa\u00f1amiento de forma paralela a su proceso de integraci\u00f3n:<\/li>\n\n\n\n<li>Entrenadores titulados, que velar\u00e1n por la vida sana y correcta inserci\u00f3n social en las actividades.<\/li>\n\n\n\n<li>Educadores sociales, que realizar\u00e1n un seguimiento cubriendo distintos aspectos de las necesidades b\u00e1sicas, como alojamiento, acompa\u00f1amiento y formaci\u00f3n educativa.<\/li>\n\n\n\n<li>Actividades sociales organizadas por Baizara<\/li>\n<\/ul>\n\n\n\n<p><strong>Tipo de poblaci\u00f3n atendida.<\/strong><\/p>\n\n\n\n<p>Colectivos migrantes en situaci\u00f3n de exclusi\u00f3n, j\u00f3venes, mayores de edad.<\/p>\n\n\n\n<p><strong>Programas de intervenci\u00f3n<\/strong><\/p>\n\n\n\n<p>Con cada joven acogido se dise\u00f1a junto a \u00e9l un itinerario de inserci\u00f3n que consiste en:<\/p>\n\n\n\n<ul class=\"wp-block-list\">\n<li>Participaci\u00f3n en actividades deportivas<\/li>\n\n\n\n<li>Refuerzo de su recorrido formativo y ocupacional<\/li>\n\n\n\n<li>Participaci\u00f3n en la organizaci\u00f3n de las actividades sociales bimensuales que organiza Baizara.<\/li>\n\n\n\n<li>Acompa\u00f1amiento y seguimiento de sus necesidades b\u00e1sicas (alojamiento, documentaci\u00f3n e inserci\u00f3n laboral\u2026) y regularizaci\u00f3n documental<\/li>\n<\/ul>\n\n\n\n<p><\/p>\n","protected":false},"excerpt":{"rendered":"<p>La&nbsp;AGRUPACION DEPORTIVA BAIZARA&nbsp;ha sido inscrita en el Registro de Entidades Deportivas del Gobierno Vasco con el n\u00ba AD0007776. La creaci\u00f3n de esta entidad, dependiente de<\/p>\n","protected":false},"author":1,"featured_media":0,"parent":0,"menu_order":0,"comment_status":"closed","ping_status":"closed","template":"","meta":{"ngg_post_thumbnail":0,"footnotes":""},"class_list":["post-772","page","type-page","status-publish","hentry"],"_links":{"self":[{"href":"https:\/\/baizara.org\/index.php\/wp-json\/wp\/v2\/pages\/772","targetHints":{"allow":["GET"]}}],"collection":[{"href":"https:\/\/baizara.org\/index.php\/wp-json\/wp\/v2\/pages"}],"about":[{"href":"https:\/\/baizara.org\/index.php\/wp-json\/wp\/v2\/types\/page"}],"author":[{"embeddable":true,"href":"https:\/\/baizara.org\/index.php\/wp-json\/wp\/v2\/users\/1"}],"replies":[{"embeddable":true,"href":"https:\/\/baizara.org\/index.php\/wp-json\/wp\/v2\/comments?post=772"}],"version-history":[{"count":2,"href":"https:\/\/baizara.org\/index.php\/wp-json\/wp\/v2\/pages\/772\/revisions"}],"predecessor-version":[{"id":778,"href":"https:\/\/baizara.org\/index.php\/wp-json\/wp\/v2\/pages\/772\/revisions\/778"}],"wp:attachment":[{"href":"https:\/\/baizara.org\/index.php\/wp-json\/wp\/v2\/media?parent=772"}],"curies":[{"name":"wp","href":"https:\/\/api.w.org\/{rel}","templated":true}]}}