{"id":798,"date":"2026-05-05T09:00:04","date_gmt":"2026-05-05T09:00:04","guid":{"rendered":"https:\/\/baizara.org\/?page_id=798"},"modified":"2026-05-05T10:13:47","modified_gmt":"2026-05-05T10:13:47","slug":"formacion","status":"publish","type":"page","link":"https:\/\/baizara.org\/index.php\/formacion\/","title":{"rendered":"Formaci\u00f3n"},"content":{"rendered":"\n<h2 class=\"wp-block-heading\"><strong>Formaci\u00f3n en proyectos europeos<\/strong><\/h2>\n\n\n\n<p>Realizamos Cursos, Seminarios y Talleres pr\u00e1cticos sobre financiaci\u00f3n europea.<\/p>\n\n\n\n<h6 class=\"wp-block-heading\"><strong>Iniciaci\u00f3n a la financiaci\u00f3n europea<\/strong><\/h6>\n\n\n\n<p>Curso de 4 horas<\/p>\n\n\n\n<ul class=\"wp-block-list\">\n<li>Marco general de la financiaci\u00f3n europea &#8211; MFF<\/li>\n\n\n\n<li>Programas marco: AGORA, HORIZON y subprogramas.  Explicaci\u00f3n de las caracter\u00edsticas de cada convocatoria y prioridades tanto generales como espec\u00edficas anuales.<\/li>\n<\/ul>\n\n\n\n<h2 class=\"wp-block-heading\"><br><strong>Formaci\u00f3n en gesti\u00f3n de la diversidad cultural<\/strong><\/h2>\n\n\n\n<p>Enfocada a educadores, asociaciones y profesores.<\/p>\n\n\n\n<p>El objetivo es sensibilizar de la realidad de la diversidad cultural y capacitar <strong>traductores culturales<\/strong>,  de un modo participativo y con una metodolog\u00eda bottom-up. <\/p>\n\n\n\n<p>El seminario tendr\u00e1 una duraci\u00f3n de 4 sesiones de 90 minutos cada una.<\/p>\n\n\n\n<p>Ofreceremos estas claves, a partir de mostrar y compartir diferentes din\u00e1micas, que tocar\u00e1n diferentes aspectos claves de la identidad de diferentes grupos, para llegar a una visi\u00f3n de la diferencia que sirva de base al reconocimiento del otro, para la convivencia y entendimiento.<\/p>\n\n\n\n<p><strong>OBJETIVOS<\/strong><\/p>\n\n\n\n<ol class=\"wp-block-list\">\n<li>Reflexionar sobre:<br>o La identidad propia y ajena.<br>o La diversidad;<br>o La interculturalidad y puentes a construir;<\/li>\n\n\n\n<li>Conocer:<br>o Particularidades culturales y su presencia en todos los aspectos del ser humano;<br>o Buenas pr\u00e1cticas y experiencias.<\/li>\n\n\n\n<li>Participaci\u00f3n:<br>o Promover el conocimiento poni\u00e9ndose en el lugar del otro;<br>o Dise\u00f1ar conjuntamente actividades;<\/li>\n<\/ol>\n\n\n\n<h6 class=\"wp-block-heading\">M\u00e1s informaci\u00f3n:<\/h6>\n\n\n<style id=\"wpforms-css-vars-342-block-e14c21e1-6869-4dad-9dc2-a7226776d8b3\">\n\t\t\t\t#wpforms-342.wpforms-block-e14c21e1-6869-4dad-9dc2-a7226776d8b3 {\n\t\t\t\t--wpforms-field-size-input-height: 43px;\n--wpforms-field-size-input-spacing: 15px;\n--wpforms-field-size-font-size: 16px;\n--wpforms-field-size-line-height: 19px;\n--wpforms-field-size-padding-h: 14px;\n--wpforms-field-size-checkbox-size: 16px;\n--wpforms-field-size-sublabel-spacing: 5px;\n--wpforms-field-size-icon-size: 1;\n--wpforms-label-size-font-size: 16px;\n--wpforms-label-size-line-height: 19px;\n--wpforms-label-size-sublabel-font-size: 14px;\n--wpforms-label-size-sublabel-line-height: 17px;\n--wpforms-button-size-font-size: 17px;\n--wpforms-button-size-height: 41px;\n--wpforms-button-size-padding-h: 15px;\n--wpforms-button-size-margin-top: 10px;\n\t\t\t}\n\t\t\t<\/style><div class=\"wpforms-container wpforms-container-full wpforms-block wpforms-block-e14c21e1-6869-4dad-9dc2-a7226776d8b3 wpforms-render-modern\" id=\"wpforms-342\"><form id=\"wpforms-form-342\" class=\"wpforms-validate wpforms-form wpforms-ajax-form\" data-formid=\"342\" method=\"post\" enctype=\"multipart\/form-data\" action=\"\/index.php\/wp-json\/wp\/v2\/pages\/798\" data-token=\"ee8cd5ba1727200273b13968191bc13a\" data-token-time=\"1777988250\"><noscript class=\"wpforms-error-noscript\">Por favor, activa JavaScript en tu navegador para completar este formulario.<\/noscript><div id=\"wpforms-error-noscript\" style=\"display: none;\">Por favor, activa JavaScript en tu navegador para completar este formulario.<\/div><div class=\"wpforms-field-container\"><div id=\"wpforms-342-field_0-container\" class=\"wpforms-field wpforms-field-name\" data-field-id=\"0\"><fieldset><legend class=\"wpforms-field-label\">Nombre <span class=\"wpforms-required-label\" aria-hidden=\"true\">*<\/span><\/legend><div class=\"wpforms-field-row wpforms-field-medium\"><div class=\"wpforms-field-row-block wpforms-first wpforms-one-half\"><input type=\"text\" id=\"wpforms-342-field_0\" class=\"wpforms-field-name-first wpforms-field-required\" name=\"wpforms[fields][0][first]\" aria-errormessage=\"wpforms-342-field_0-error\" required><label for=\"wpforms-342-field_0\" class=\"wpforms-field-sublabel after\">Nombre<\/label><\/div><div class=\"wpforms-field-row-block wpforms-one-half\"><input type=\"text\" id=\"wpforms-342-field_0-last\" class=\"wpforms-field-name-last wpforms-field-required\" name=\"wpforms[fields][0][last]\" aria-errormessage=\"wpforms-342-field_0-last-error\" required><label for=\"wpforms-342-field_0-last\" class=\"wpforms-field-sublabel after\">Apellidos<\/label><\/div><\/div><\/fieldset><\/div><div id=\"wpforms-342-field_1-container\" class=\"wpforms-field wpforms-field-email\" data-field-id=\"1\"><label class=\"wpforms-field-label\" for=\"wpforms-342-field_1\">Correo electr\u00f3nico <span class=\"wpforms-required-label\" aria-hidden=\"true\">*<\/span><\/label><input type=\"email\" id=\"wpforms-342-field_1\" class=\"wpforms-field-medium wpforms-field-required\" name=\"wpforms[fields][1]\" spellcheck=\"false\" aria-errormessage=\"wpforms-342-field_1-error\" required><\/div><div id=\"wpforms-342-field_2-container\" class=\"wpforms-field wpforms-field-textarea\" data-field-id=\"2\"><label class=\"wpforms-field-label\" for=\"wpforms-342-field_2\">Comentario o mensaje <span class=\"wpforms-required-label\" aria-hidden=\"true\">*<\/span><\/label><textarea id=\"wpforms-342-field_2\" class=\"wpforms-field-medium wpforms-field-required\" name=\"wpforms[fields][2]\" aria-errormessage=\"wpforms-342-field_2-error\" required><\/textarea><\/div><\/div><!-- .wpforms-field-container --><div class=\"wpforms-submit-container\" ><input type=\"hidden\" name=\"wpforms[id]\" value=\"342\"><input type=\"hidden\" name=\"page_title\" value=\"\"><input type=\"hidden\" name=\"page_url\" value=\"https:\/\/baizara.org\/index.php\/wp-json\/wp\/v2\/pages\/798\"><input type=\"hidden\" name=\"url_referer\" value=\"\"><button type=\"submit\" name=\"wpforms[submit]\" id=\"wpforms-submit-342\" class=\"wpforms-submit\" data-alt-text=\"Enviando...\" data-submit-text=\"Enviar\" aria-live=\"assertive\" value=\"wpforms-submit\">Enviar<\/button><img loading=\"lazy\" decoding=\"async\" src=\"https:\/\/baizara.org\/wp-content\/plugins\/wpforms-lite\/assets\/images\/submit-spin.svg\" class=\"wpforms-submit-spinner\" style=\"display: none;\" width=\"26\" height=\"26\" alt=\"Cargando\"><\/div><\/form><\/div>  <!-- .wpforms-container -->","protected":false},"excerpt":{"rendered":"<p>Formaci\u00f3n en proyectos europeos Realizamos Cursos, Seminarios y Talleres pr\u00e1cticos sobre financiaci\u00f3n europea. Iniciaci\u00f3n a la financiaci\u00f3n europea Curso de 4 horas Formaci\u00f3n en gesti\u00f3n<\/p>\n","protected":false},"author":1,"featured_media":0,"parent":0,"menu_order":0,"comment_status":"closed","ping_status":"closed","template":"","meta":{"ngg_post_thumbnail":0,"footnotes":""},"class_list":["post-798","page","type-page","status-publish","hentry"],"_links":{"self":[{"href":"https:\/\/baizara.org\/index.php\/wp-json\/wp\/v2\/pages\/798","targetHints":{"allow":["GET"]}}],"collection":[{"href":"https:\/\/baizara.org\/index.php\/wp-json\/wp\/v2\/pages"}],"about":[{"href":"https:\/\/baizara.org\/index.php\/wp-json\/wp\/v2\/types\/page"}],"author":[{"embeddable":true,"href":"https:\/\/baizara.org\/index.php\/wp-json\/wp\/v2\/users\/1"}],"replies":[{"embeddable":true,"href":"https:\/\/baizara.org\/index.php\/wp-json\/wp\/v2\/comments?post=798"}],"version-history":[{"count":10,"href":"https:\/\/baizara.org\/index.php\/wp-json\/wp\/v2\/pages\/798\/revisions"}],"predecessor-version":[{"id":823,"href":"https:\/\/baizara.org\/index.php\/wp-json\/wp\/v2\/pages\/798\/revisions\/823"}],"wp:attachment":[{"href":"https:\/\/baizara.org\/index.php\/wp-json\/wp\/v2\/media?parent=798"}],"curies":[{"name":"wp","href":"https:\/\/api.w.org\/{rel}","templated":true}]}}